{"id":116,"date":"2013-07-26T10:37:29","date_gmt":"2013-07-26T10:37:29","guid":{"rendered":"http:\/\/periodico.ceipaltoaragon.com\/?page_id=116"},"modified":"2013-07-29T16:03:33","modified_gmt":"2013-07-29T16:03:33","slug":"116-2","status":"publish","type":"page","link":"https:\/\/periodico.ceipaltoaragon.com\/","title":{"rendered":"."},"content":{"rendered":"<table width=\"575\" border=\"2\" cellspacing=\"1\" cellpadding=\"0\" bgcolor=\"#ffff99\">\n<tbody>\n<tr>\n<td rowspan=\"2\" valign=\"top\" width=\"262\">\n<h1><span style=\"color: #ff0000;\"><strong>\u00a1ADIOS!<br \/>\n<\/strong><\/span><\/h1>\n<h3><span style=\"color: #800080;\">LOS ALUMNOS DE 6\u00ba CURSO SE DESPIDEN<\/span><\/h3>\n<p>Estas son las opiniones de algunos alumnos de 6\u00ba que este a\u00f1o abandonan nuestro colegio y emprenden sus estudios de secundaria.<\/p>\n<p><div id=\"attachment_8714\" style=\"width: 310px\" class=\"wp-caption alignleft\"><a href=\"http:\/\/youtu.be\/4g2lp1LemdY\"><img loading=\"lazy\" decoding=\"async\" aria-describedby=\"caption-attachment-8714\" class=\"size-medium wp-image-8714 \" alt=\"PULSA PARA VER EL VIDEO\" src=\"http:\/\/elperiodicodelaltoaragon.files.wordpress.com\/2013\/04\/despedida.jpg?w=300\" width=\"300\" height=\"169\" \/><\/a><p id=\"caption-attachment-8714\" class=\"wp-caption-text\">PULSA PARA VER EL VIDEO<\/p><\/div><\/td>\n<td valign=\"top\" width=\"293\">\n<h1><span style=\"color: #0000ff;\">CENTRO BILING\u00dcE ALTO ARAGON<\/span><\/h1>\n<p>Nuestro centro de Educaci\u00f3n Infantil y Primaria ser\u00e1 <span style=\"color: #ff0000;\"><strong><em>biling\u00fce<\/em><\/strong><\/span> (en Ingl\u00e9s) en el pr\u00f3ximo curso escolar.<\/p>\n<p><a title=\"Resoluci\u00f3n adjudicaci\u00f3n programa biling\u00fcismo.\" href=\"http:\/\/www.educaragon.org\/noticias\/noticias.asp?idNoticia=8341\" target=\"_blank\">Leer resoluci\u00f3n BOA&#8230;<\/a><\/p>\n<p><a title=\"VIDEO FIN DE CURSO\" href=\"https:\/\/periodico.ceipaltoaragon.com\/?p=119\">DDDDDDD<\/a><\/td>\n<\/tr>\n<tr>\n<td valign=\"top\" width=\"293\">\n<h3><span style=\"color: #ff0000;\">CALENDARIO ESCOLAR 2013\/14<br \/>\n<\/span><\/h3>\n<p><a href=\"http:\/\/elperiodicodelaltoaragon.files.wordpress.com\/2013\/06\/calendario-1.jpg\"><img loading=\"lazy\" decoding=\"async\" class=\"alignleft size-thumbnail wp-image-8727\" alt=\"CALENDARIO 1\" src=\"http:\/\/elperiodicodelaltoaragon.files.wordpress.com\/2013\/06\/calendario-1.jpg?w=104\" width=\"104\" height=\"150\" \/><\/a><\/p>\n<p><a title=\"CALENDARIO ESCOLAR PARA EL CURSO 13\/14\" href=\"http:\/\/elperiodicodelaltoaragon.com\/2013\/06\/12\/calendario-escolar-para-el-curso-1314\/\">Leer m\u00e1s&#8230;<\/a><\/td>\n<\/tr>\n<tr>\n<td valign=\"top\" width=\"262\"><strong><span style=\"color: #ff0000;\">PREMIO A LA MEJOR LABOR PERIOD\u00cdSTICA<\/span><\/strong><br \/>\n<a href=\"http:\/\/elperiodicodelaltoaragon.files.wordpress.com\/2013\/06\/dsc_0274.jpg\"><img loading=\"lazy\" decoding=\"async\" class=\"alignleft size-medium wp-image-8738\" alt=\"DSC_0274\" src=\"http:\/\/elperiodicodelaltoaragon.files.wordpress.com\/2013\/06\/dsc_0274.jpg?w=168\" width=\"97\" height=\"174\" \/><\/a>En el transcurso de la Gala de Fin de Curso, la reportera Noelia Lacoma recogi\u00f3 el premio a la mejor reportera.<a title=\"PREMIO A LA MEJOR REPORTERA\" href=\"http:\/\/elperiodicodelaltoaragon.com\/2013\/06\/26\/premio-a-la-mejor-reportera\/\">Leer m\u00e1s&#8230;<\/a><\/td>\n<td valign=\"top\" width=\"293\">\n<h3><span style=\"color: #ff0000;\">AULA DE LA NATURALEZA DE BOLTA\u00d1A, POR LOS ALUMNOS DE 5\u00ba DE E. P.<\/span><\/h3>\n<p><a href=\"http:\/\/elperiodicodelaltoaragon.files.wordpress.com\/2013\/05\/pc050101-fileminimizer.jpg\"><img loading=\"lazy\" decoding=\"async\" class=\"alignleft size-thumbnail wp-image-8580\" alt=\"PC050101 (FILEminimizer)\" src=\"http:\/\/elperiodicodelaltoaragon.files.wordpress.com\/2013\/05\/pc050101-fileminimizer.jpg?w=150\" width=\"150\" height=\"112\" \/><\/a>Los alumnos de 5\u00ba de E. P. han ido el 14 y 15 de mayo a Ainsa, Bolta\u00f1a y Ordesa.<\/p>\n<p><a title=\"AULA  DE  LA  NATURALEZA  DE  BOLTA\u00d1A, POR LOS ALUMNOS DE 5\u00ba DE E. P.\" href=\"http:\/\/elperiodicodelaltoaragon.com\/2013\/05\/20\/aula-de-la-naturaleza-de-boltana-por-los-alumnos-de-5o-de-e-p\/\">Leer m\u00e1s&#8230;<\/a><\/td>\n<\/tr>\n<tr>\n<td valign=\"top\" width=\"262\">\n<h3><span class=\"userContent\" style=\"color: #ff0000;\">PREMIOS DEL 2\u00ba CONCURSO DE FOTOGRAFIA.<br \/>\n<\/span><\/h3>\n<div id=\"attachment_8745\" style=\"width: 310px\" class=\"wp-caption alignleft\"><a href=\"http:\/\/elperiodicodelaltoaragon.files.wordpress.com\/2013\/04\/dsc_0270.jpg\"><img loading=\"lazy\" decoding=\"async\" aria-describedby=\"caption-attachment-8745\" class=\"size-medium wp-image-8745\" alt=\"El Jurado del II Premio\" src=\"http:\/\/elperiodicodelaltoaragon.files.wordpress.com\/2013\/04\/dsc_0270.jpg?w=300\" width=\"300\" height=\"168\" \/><\/a><p id=\"caption-attachment-8745\" class=\"wp-caption-text\">El Jurado del II Premio<\/p><\/div>\n<p style=\"text-align: justify;\">El Jurado del premio de fotograf\u00eda, compuesto por el fot\u00f3grafo Barbastrense Jon\u00e1s Revilla, la profesora Pilar Cardona y las redactoras Ana Puy y Leyre Moncl\u00fas, determinaron los premios que correspondieron a In\u00e9s Salamero, Juan Salamero y Nerea Nasarre.<\/p>\n<p><a title=\"PREMIOS CONCURSO FOTOGR\u00c1FICO\" href=\"http:\/\/elperiodicodelaltoaragon.com\/2013\/06\/26\/premios-concurso-fotografico\/\">Leer m\u00e1s&#8230;<\/a><\/td>\n<td valign=\"top\" width=\"293\">\n<h3><span style=\"color: #ff0000;\">LOS ALUMNOS DE 3\u00ba, 4\u00ba Y 6\u00ba DE E.P. SE DESPIDEN CON OBRAS DE TEATRO EN INGL\u00c9S<br \/>\n<\/span><\/h3>\n<p><a title=\"LOS ALUMNOS DE 3\u00ba, 4\u00ba Y 6\u00ba DESPIDEN EL CURSO REPRESENTANDO UNAS OBRAS EN INGL\u00c9S.\" href=\"http:\/\/elperiodicodelaltoaragon.com\/2013\/06\/26\/los-alumnos-de-3o-4o-y-6o-despiden-el-curso-representando-unas-obras-en-ingles\/\">Leer m\u00e1s&#8230;<\/a><\/p>\n<p><a href=\"http:\/\/elperiodicodelaltoaragon.files.wordpress.com\/2013\/06\/p1090716-fileminimizer.jpg\"><img loading=\"lazy\" decoding=\"async\" class=\"aligncenter size-medium wp-image-8777\" alt=\"P1090716 (FILEminimizer)\" src=\"http:\/\/elperiodicodelaltoaragon.files.wordpress.com\/2013\/06\/p1090716-fileminimizer.jpg?w=300\" width=\"300\" height=\"225\" \/><\/a><\/td>\n<\/tr>\n<tr>\n<td valign=\"top\" width=\"262\">\n<h3><span style=\"color: #ff0000;\"><strong>DIEGO BALLESTEROS JUEGA CON NUESTRO ALUMNOS DE 4\u00ba A TENIS<br \/>\n<\/strong><\/span><\/h3>\n<p style=\"text-align: justify;\"><a href=\"http:\/\/elperiodicodelaltoaragon.files.wordpress.com\/2013\/05\/023.jpg\"><img loading=\"lazy\" decoding=\"async\" class=\"alignleft size-thumbnail wp-image-8657\" alt=\"023\" src=\"http:\/\/elperiodicodelaltoaragon.files.wordpress.com\/2013\/05\/023.jpg?w=150\" width=\"177\" height=\"132\" \/><\/a> Los alumnos de 4\u00ba est\u00e1n trabajando en el \u00e1rea de E. F\u00edsica una unidad did\u00e1ctica relacionada con el tenis de mesa. Y realizaron con Diego Ballesteros una &#8216;master-class&#8217;.<\/p>\n<p><a title=\"DIEGO BALLESTEROS JUEGA A TENIS DE MESA CON LOS ALUMNOS DE 4\u00ba\" href=\"http:\/\/elperiodicodelaltoaragon.com\/2013\/05\/29\/diego-ballesteros-juega-a-tenis-de-mesa-con-los-alumnos-de-4o\/\">Leer m\u00e1s&#8230;.<\/a><\/td>\n<td style=\"text-align: justify;\" valign=\"top\" width=\"293\">\n<h3><span style=\"color: #ff0000;\">GRACIAS POR RECONOCER NUESTRA LABOR DOCENTE<\/span><\/h3>\n<p><a href=\"http:\/\/elperiodicodelaltoaragon.files.wordpress.com\/2013\/06\/dsc_6755-fileminimizer.jpg\"><img loading=\"lazy\" decoding=\"async\" class=\"alignleft size-thumbnail wp-image-8731\" alt=\"DSC_6755 (FILEminimizer)\" src=\"http:\/\/elperiodicodelaltoaragon.files.wordpress.com\/2013\/06\/dsc_6755-fileminimizer.jpg?w=150\" width=\"150\" height=\"99\" \/><\/a> El viernes en la cena de fin de curso el AMPA reconoci\u00f3 publicamente la labor docente del quipo de Infantil.<a title=\"GRACIAS POR RECONOCER NUESTRA LABOR DOCENTE\" href=\"http:\/\/elperiodicodelaltoaragon.com\/2013\/06\/18\/gracias-por-reconocer-nuestra-labor-docente\/\">Leer m\u00e1s&#8230;<\/a><\/td>\n<\/tr>\n<\/tbody>\n<\/table>\n<div id=\"__tbSetup\"><\/div>\n","protected":false},"excerpt":{"rendered":"<p>\u00a1ADIOS! LOS ALUMNOS DE 6\u00ba CURSO SE DESPIDEN Estas son las opiniones de algunos alumnos de 6\u00ba que este a\u00f1o &hellip; <span class=\"more-link\"><a href=\"https:\/\/periodico.ceipaltoaragon.com\/\">Continue Reading<\/a><\/span><\/p>\n","protected":false},"author":1,"featured_media":0,"parent":0,"menu_order":0,"comment_status":"open","ping_status":"open","template":"","meta":{"footnotes":""},"class_list":["post-116","page","type-page","status-publish","hentry"],"_links":{"self":[{"href":"https:\/\/periodico.ceipaltoaragon.com\/index.php?rest_route=\/wp\/v2\/pages\/116","targetHints":{"allow":["GET"]}}],"collection":[{"href":"https:\/\/periodico.ceipaltoaragon.com\/index.php?rest_route=\/wp\/v2\/pages"}],"about":[{"href":"https:\/\/periodico.ceipaltoaragon.com\/index.php?rest_route=\/wp\/v2\/types\/page"}],"author":[{"embeddable":true,"href":"https:\/\/periodico.ceipaltoaragon.com\/index.php?rest_route=\/wp\/v2\/users\/1"}],"replies":[{"embeddable":true,"href":"https:\/\/periodico.ceipaltoaragon.com\/index.php?rest_route=%2Fwp%2Fv2%2Fcomments&post=116"}],"version-history":[{"count":3,"href":"https:\/\/periodico.ceipaltoaragon.com\/index.php?rest_route=\/wp\/v2\/pages\/116\/revisions"}],"predecessor-version":[{"id":122,"href":"https:\/\/periodico.ceipaltoaragon.com\/index.php?rest_route=\/wp\/v2\/pages\/116\/revisions\/122"}],"wp:attachment":[{"href":"https:\/\/periodico.ceipaltoaragon.com\/index.php?rest_route=%2Fwp%2Fv2%2Fmedia&parent=116"}],"curies":[{"name":"wp","href":"https:\/\/api.w.org\/{rel}","templated":true}]}}